{"id":41,"date":"2016-11-28T16:23:48","date_gmt":"2016-11-28T15:23:48","guid":{"rendered":"http:\/\/musherpolice.de\/?page_id=41"},"modified":"2024-04-26T14:47:57","modified_gmt":"2024-04-26T13:47:57","slug":"leistungsuebersicht-2","status":"publish","type":"page","link":"https:\/\/musherpolice.de\/?page_id=41","title":{"rendered":"Leistungs\u00fcbersicht"},"content":{"rendered":"<p><span style=\"margin: 0px; line-height: 107%; font-family: 'Franklin Gothic Medium',sans-serif; font-size: 12pt;\"><span style=\"color: #000000;\">Deckungssumme: 50 Mio \u20ac pauschal f\u00fcr Sach-, Personen- und Verm\u00f6genssch\u00e4den <\/span><\/span><\/p>\n<ul>\n<li><span style=\"margin: 0px; color: black; letter-spacing: 0.25pt; font-family: 'Franklin Gothic Medium',sans-serif; font-size: 12pt;\">Mitversichert ist die Teilnahme an Hunderennen (auch Schlitten- oder Wagenrennen), Hundeschlittenfahrten, Hundeschulen, Schauvorf\u00fchrungen und Turnieren. Ebenso die Vorbereitung und das Training dazu.<\/span><\/li>\n<li><span style=\"margin: 0px; color: black; letter-spacing: 0.25pt; font-family: 'Franklin Gothic Medium',sans-serif; font-size: 12pt;\">Die Zurverf\u00fcgungstellung des Hundes zu Vereinszwecken und\/oder zu Veranstaltungen.<\/span><\/li>\n<li><span style=\"margin: 0px; color: black; letter-spacing: 0.25pt; font-family: 'Franklin Gothic Medium',sans-serif; font-size: 12pt;\">Alle Welpen bzw. Junghunde sind im ersten Lebensjahr beitragsfrei mitversichert. D.h.: Alle Welpen im Besitz des Tierhalters! Nicht nur die Welpen des versicherten Hundes!<\/span><\/li>\n<li><span style=\"margin: 0px; color: black; letter-spacing: 0.25pt; font-family: 'Franklin Gothic Medium',sans-serif; font-size: 12pt;\">Unbegrenzte Auslandsaufenthalte in Europa sowie vor\u00fcbergehende Auslandsaufenthalte au\u00dferhalb Europas bis zu 5 Jahren.<\/span><\/li>\n<li><span style=\"margin: 0px; color: black; letter-spacing: 0.25pt; font-family: 'Franklin Gothic Medium',sans-serif; font-size: 12pt;\">Anspr\u00fcche anderer Teilnehmer von Veranstaltungen und Figuranten.<\/span><\/li>\n<li><span style=\"margin: 0px; color: black; letter-spacing: 0.25pt; font-family: 'Franklin Gothic Medium',sans-serif; font-size: 12pt;\">Gebrauch eigener oder fremder Hundefuhrwerke (Schlitten, Wagen, Scooter, etc.)<\/span><\/li>\n<li><span style=\"margin: 0px; color: black; letter-spacing: 0.25pt; font-family: 'Franklin Gothic Medium',sans-serif; font-size: 12pt;\">Flursch\u00e4den <\/span><\/li>\n<li><span style=\"margin: 0px; color: black; letter-spacing: 0.25pt; font-family: 'Franklin Gothic Medium',sans-serif; font-size: 12pt;\">Decksch\u00e4den aus gewolltem oder ungewolltem Deckakt.<\/span><\/li>\n<li><span style=\"margin: 0px; color: black; letter-spacing: 0.25pt; font-family: 'Franklin Gothic Medium',sans-serif; font-size: 12pt;\">Kein Leistungssnachteil gegen\u00fcber einem Mitbewerber im Schadenfall.<\/span><\/li>\n<li><span style=\"margin: 0px; color: black; letter-spacing: 0.25pt; font-family: 'Franklin Gothic Medium',sans-serif; font-size: 12pt;\">Tierische Ausscheidungen\u00a0sind mitversichert.<\/span><\/li>\n<li><span style=\"margin: 0px; color: black; letter-spacing: 0.25pt; font-family: 'Franklin Gothic Medium',sans-serif; font-size: 12pt;\">Kein Leinen- oder Maulkorbzwang.<\/span><\/li>\n<li><span style=\"margin: 0px; color: black; letter-spacing: 0.25pt; font-family: 'Franklin Gothic Medium',sans-serif; font-size: 12pt;\">Private Nutzung des Hundes zu therapeutischen Zwecken<\/span><\/li>\n<li><span style=\"margin: 0px; color: black; letter-spacing: 0.25pt; font-family: 'Franklin Gothic Medium',sans-serif; font-size: 12pt;\">Mietsachsch\u00e4den: an Immobilien bis 5 Mio \u20ac, an Mobilien in Ferienunterk\u00fcnften bis 30.000,- \u20ac, an Kutschen und Schlitten (geliehen oder gemietet) bis 10.000,- \u20ac, an Tiertransportanh\u00e4ngern bis 10.000,- \u20ac <\/span><\/li>\n<li><span style=\"margin: 0px; color: black; letter-spacing: 0.25pt; font-family: 'Franklin Gothic Medium',sans-serif; font-size: 12pt;\">Der Besitz und Gebrauch von nicht versicherungspflichtigen Tiertransportanh\u00e4ngern.<\/span><\/li>\n<li><span style=\"margin: 0px; color: black; letter-spacing: 0.25pt; font-family: 'Franklin Gothic Medium',sans-serif; font-size: 12pt;\">Rechtsschutz f\u00fcr Tierhalter incl. Schadenersatzrechtsschutz, Rechtsschutz im Vertrags- und Sachenrecht, Steuer-Rechtsschutz, Verwaltungsrechtsschutz, Straf-Rechtsschutz, Ordnungswidrigkeiten-Rechtsschutz<\/span><\/li>\n<li><span style=\"margin: 0px; color: black; letter-spacing: 0.25pt; font-family: 'Franklin Gothic Medium',sans-serif; font-size: 12pt;\">Mitversichert sind auch alle Familienangeh\u00f6rige des Versicherungsnehmers und alle nicht gewerbsm\u00e4\u00dfig t\u00e4tigen Tierh\u00fcter (incl. Anspr\u00fcche an den Tierhalter). <\/span><\/li>\n<li><span style=\"margin: 0px; color: black; letter-spacing: 0.25pt; font-family: 'Franklin Gothic Medium',sans-serif; font-size: 12pt;\">Mit Ausfalldeckung f\u00fcr Schadenersatzanspr\u00fcche ohne Mindestschadenh\u00f6he, incl. Vorsatz. <\/span><\/li>\n<\/ul>\n<p><span style=\"font: 7pt 'Times New Roman'; margin: 0px; font-size-adjust: none; font-stretch: normal;\">\u00a0\u00a0\u00a0\u00a0\u00a0\u00a0\u00a0 <\/span><\/p>\n<p>Die Leistungen sind verk\u00fcrzt wiedergegeben. Ma\u00dfgebend ist der Wortlaut der Versicherungsbedingungen f\u00fcr die Tierhalter-Haftpflichtversicherung Einfach Komplett\u2013 Stand 10\/2023-Hund<\/p>\n","protected":false},"excerpt":{"rendered":"<p>Deckungssumme: 50 Mio \u20ac pauschal f\u00fcr Sach-, Personen- und Verm\u00f6genssch\u00e4den Mitversichert ist die Teilnahme an Hunderennen (auch Schlitten- oder Wagenrennen), Hundeschlittenfahrten, Hundeschulen, Schauvorf\u00fchrungen und Turnieren. Ebenso die Vorbereitung und das Training dazu. Die Zurverf\u00fcgungstellung des Hundes zu Vereinszwecken und\/oder zu Veranstaltungen. Alle Welpen bzw. Junghunde sind im ersten Lebensjahr beitragsfrei mitversichert. D.h.: Alle Welpen im &#8230; <a href=\"https:\/\/musherpolice.de\/?page_id=41\" class=\"more-link text-uppercase small\"><strong>Continue Reading<\/strong> <i class=\"fa fa-angle-double-right\" aria-hidden=\"true\"><\/i><\/a><\/p>\n","protected":false},"author":1,"featured_media":0,"parent":0,"menu_order":0,"comment_status":"closed","ping_status":"closed","template":"","meta":{"footnotes":""},"_links":{"self":[{"href":"https:\/\/musherpolice.de\/index.php?rest_route=\/wp\/v2\/pages\/41"}],"collection":[{"href":"https:\/\/musherpolice.de\/index.php?rest_route=\/wp\/v2\/pages"}],"about":[{"href":"https:\/\/musherpolice.de\/index.php?rest_route=\/wp\/v2\/types\/page"}],"author":[{"embeddable":true,"href":"https:\/\/musherpolice.de\/index.php?rest_route=\/wp\/v2\/users\/1"}],"replies":[{"embeddable":true,"href":"https:\/\/musherpolice.de\/index.php?rest_route=%2Fwp%2Fv2%2Fcomments&post=41"}],"version-history":[{"count":9,"href":"https:\/\/musherpolice.de\/index.php?rest_route=\/wp\/v2\/pages\/41\/revisions"}],"predecessor-version":[{"id":289,"href":"https:\/\/musherpolice.de\/index.php?rest_route=\/wp\/v2\/pages\/41\/revisions\/289"}],"wp:attachment":[{"href":"https:\/\/musherpolice.de\/index.php?rest_route=%2Fwp%2Fv2%2Fmedia&parent=41"}],"curies":[{"name":"wp","href":"https:\/\/api.w.org\/{rel}","templated":true}]}}