{"id":112,"date":"2017-01-23T12:24:52","date_gmt":"2017-01-23T11:24:52","guid":{"rendered":"http:\/\/musherpolice.de\/?page_id=112"},"modified":"2024-04-26T13:54:53","modified_gmt":"2024-04-26T12:54:53","slug":"hunde-op-versicherung","status":"publish","type":"page","link":"https:\/\/musherpolice.de\/?page_id=112","title":{"rendered":"Tier-OP und Tier-Krankenversicherung"},"content":{"rendered":"<h3><img loading=\"lazy\" decoding=\"async\" class=\"size-medium wp-image-113 alignleft img-responsive\" src=\"https:\/\/musherpolice.de\/wp-content\/uploads\/2017\/01\/A2A0016-A-sw-klein-200x300.jpg\" alt=\"\" width=\"200\" height=\"300\" srcset=\"https:\/\/musherpolice.de\/wp-content\/uploads\/2017\/01\/A2A0016-A-sw-klein-200x300.jpg 200w, https:\/\/musherpolice.de\/wp-content\/uploads\/2017\/01\/A2A0016-A-sw-klein.jpg 324w\" sizes=\"(max-width: 200px) 100vw, 200px\" \/>Der TOP-Schutz f\u00fcr Ihre 4-Beinigen Lieblinge! Jetzt auch f\u00fcr Katzen und Pferde!<\/h3>\n<p><span style=\"display: inline !important; float: none; background-color: transparent; color: #666666; font-family: 'Droid Sans',Helvetica,sans-serif; font-size: 13.93px; font-style: normal; font-variant: normal; font-weight: 400; letter-spacing: normal; line-height: 20.9px; orphans: 2; text-align: left; text-decoration: none; text-indent: 0px; text-transform: none; -webkit-text-stroke-width: 0px; white-space: normal; word-spacing: 0px;\">Im Leben eines Tieres kommt es leider immer wieder mal zu notwendigen medizinischen Eingriffen oder Krankheiten. Und eine Entscheidung \u00fcber die Machbarkeit sollte im Idealfall nur abh\u00e4ngig sein vom Wohl des Tieres, in keinem Fall aber von den finanziellen M\u00f6glichkeiten. Nehmen Sie sich zumindest die finanzielle Sorge und sch\u00fctzen Sie sich vor unerwarteten Kosten. Hierbei k\u00f6nnen Sie selbst entscheiden, welcher Schutz f\u00fcr ihren Liebling der Richtige ist. Von der <strong>OP-Versicherung nach Unf\u00e4llen f\u00fcr Hunde<\/strong>, \u00fcber die <strong>reine Operationskostenversicherung<\/strong> bis hin zur <strong>Premium Krankenversicherung<\/strong> ist alles m\u00f6glich.<\/span><\/p>\n<p>Ich empfehle dieTarife der HanseMerkur und der Adcuri \/ Barmenia<\/p>\n<p>Die Adcuri \/ Barmenia Versicherung verzichtet (als zur Zeit einziger Anbieter) auf das ordentliche, sowie auf das au\u00dferordentliche K\u00fcndigungsrecht im Bereich der Tier-OP Versicherung nach einem Leistungsfall, ab Beginn des 4. Versicherungsjahres! Die HanseMerkur ab dem 5. Versicherungsjahr. Dies ist ein entscheidender Vorteil gegen\u00fcber den Mitbewerbern!<\/p>\n<p>Hier geht es zuden Vergleichsrechnern, \u00fcber die auch der online-Abschluss m\u00f6glich ist:<\/p>\n<p style=\"text-align: center;\"><a href=\"https:\/\/www.mr-money.de\/cookievgl.php?sp=tkv&amp;id=00209488\" target=\"_blank\" rel=\"noopener\">Hundekranken- und Hunde-OP-Versicherung<\/a><\/p>\n<p style=\"text-align: center;\"><a href=\"https:\/\/www.mr-money.de\/cookievgl.php?sp=tkvp&amp;id=00209488\" target=\"_blank\" rel=\"noopener\">Pferde Kranken- und OP-Kosten-Versicherung<\/a><\/p>\n\n\n<p><\/p>\n\n\n\n<p><\/p>\n","protected":false},"excerpt":{"rendered":"<p>Der TOP-Schutz f\u00fcr Ihre 4-Beinigen Lieblinge! Jetzt auch f\u00fcr Katzen und Pferde! Im Leben eines Tieres kommt es leider immer wieder mal zu notwendigen medizinischen Eingriffen oder Krankheiten. Und eine Entscheidung \u00fcber die Machbarkeit sollte im Idealfall nur abh\u00e4ngig sein vom Wohl des Tieres, in keinem Fall aber von den finanziellen M\u00f6glichkeiten. Nehmen Sie sich &#8230; <a href=\"https:\/\/musherpolice.de\/?page_id=112\" class=\"more-link text-uppercase small\"><strong>Continue Reading<\/strong> <i class=\"fa fa-angle-double-right\" aria-hidden=\"true\"><\/i><\/a><\/p>\n","protected":false},"author":1,"featured_media":0,"parent":0,"menu_order":0,"comment_status":"closed","ping_status":"closed","template":"","meta":{"footnotes":""},"_links":{"self":[{"href":"https:\/\/musherpolice.de\/index.php?rest_route=\/wp\/v2\/pages\/112"}],"collection":[{"href":"https:\/\/musherpolice.de\/index.php?rest_route=\/wp\/v2\/pages"}],"about":[{"href":"https:\/\/musherpolice.de\/index.php?rest_route=\/wp\/v2\/types\/page"}],"author":[{"embeddable":true,"href":"https:\/\/musherpolice.de\/index.php?rest_route=\/wp\/v2\/users\/1"}],"replies":[{"embeddable":true,"href":"https:\/\/musherpolice.de\/index.php?rest_route=%2Fwp%2Fv2%2Fcomments&post=112"}],"version-history":[{"count":21,"href":"https:\/\/musherpolice.de\/index.php?rest_route=\/wp\/v2\/pages\/112\/revisions"}],"predecessor-version":[{"id":288,"href":"https:\/\/musherpolice.de\/index.php?rest_route=\/wp\/v2\/pages\/112\/revisions\/288"}],"wp:attachment":[{"href":"https:\/\/musherpolice.de\/index.php?rest_route=%2Fwp%2Fv2%2Fmedia&parent=112"}],"curies":[{"name":"wp","href":"https:\/\/api.w.org\/{rel}","templated":true}]}}